{"id":85,"date":"2026-03-09T10:08:15","date_gmt":"2026-03-09T10:08:15","guid":{"rendered":"https:\/\/www.faaala.com\/?page_id=85"},"modified":"2026-04-27T13:59:50","modified_gmt":"2026-04-27T13:59:50","slug":"events","status":"publish","type":"page","link":"https:\/\/www.faaala.com\/index.php\/events\/","title":{"rendered":"Events"},"content":{"rendered":"<nav style=\"background-color: #00000000;\" class=\"has-text-color has-base-2-color has-background has-small-font-size items-justified-center alignfull wp-block-navigation is-horizontal is-content-justification-center is-layout-flex wp-container-core-navigation-is-layout-ecd33c62 wp-block-navigation-is-layout-flex\" aria-label=\"Navigation\"><ul style=\"background-color: #00000000;\" class=\"wp-block-navigation__container has-text-color has-base-2-color has-background has-small-font-size items-justified-center alignfull wp-block-navigation has-small-font-size\"><li class=\"has-small-font-size wp-block-navigation-item wp-block-navigation-link\"><a class=\"wp-block-navigation-item__content\"  href=\"https:\/\/www.faaala.com\/\"><span class=\"wp-block-navigation-item__label\">Home<\/span><\/a><\/li><li class=\"has-small-font-size wp-block-navigation-item wp-block-navigation-link\"><a class=\"wp-block-navigation-item__content\"  href=\"https:\/\/www.faaala.com\/index.php\/events\/\"><span class=\"wp-block-navigation-item__label\">Events<\/span><\/a><\/li><li class=\"has-small-font-size wp-block-navigation-item wp-block-navigation-link\"><a class=\"wp-block-navigation-item__content\"  href=\"https:\/\/www.faaala.com\/index.php\/music\/\"><span class=\"wp-block-navigation-item__label\">Music<\/span><\/a><\/li><li class=\"has-small-font-size wp-block-navigation-item wp-block-navigation-link\"><a class=\"wp-block-navigation-item__content\"  href=\"https:\/\/www.faaala.com\/index.php\/about\/\"><span class=\"wp-block-navigation-item__label\">About<\/span><\/a><\/li><li class=\"has-small-font-size wp-block-navigation-item wp-block-navigation-link\"><a class=\"wp-block-navigation-item__content\"  href=\"https:\/\/www.faaala.com\/index.php\/kontakt\/\"><span class=\"wp-block-navigation-item__label\">Contact<\/span><\/a><\/li><\/ul><\/nav>\n\n\n<div style=\"height:20px\" aria-hidden=\"true\" class=\"wp-block-spacer\"><\/div>\n\n\n\n<div style=\"height:20px\" aria-hidden=\"true\" class=\"wp-block-spacer\"><\/div>\n\n\n\n<p class=\"has-text-align-center has-small-font-size\" style=\"letter-spacing:0px;line-height:1.5\"><strong>Nightfall dates:<\/strong><br><br>1) <s>F\u0100L\u0100 x Unknown Timeline &#8211; Mastak, Warszawa, 13\/03\/2026<\/s><br>2) <s>MicroF\u0100L\u0100 &#8211; Dom Technika, Pozna\u0144, 20\/03\/2026<\/s><br>3)<s>Private event &#8211; Warszawa, 22\/03\/2026<\/s><br>4) <s>Kwanty Ja\u017ani &#8211; Legendarium, Lublin, 10\/04\/2026<\/s><br><s>5) Instytut D\u017awi\u0119ku Showcase &#8211; Karma, Warszawa, 25\/04\/2026<br>6) Hypnotic Techno Gathering &#8211; Czudner Spot (Gda\u0144sk), 24\/04\/2026<\/s><br>7) F\u0100L\u0100 &#8211; Mastak, Warszawa 08\/05\/2026<br>8) Micronoce Festiwal &#8211; Gorzelnia Gwie\u017adzin, 10-13\/07\/2026<br>9) TBA, Warszawa, 18\/07\/2026 <br>10) TBA, Paczyn, 24\/07\/2026<br><br><\/p>\n\n\n\n<p class=\"has-small-font-size\" style=\"letter-spacing:0px;line-height:1.5\"><\/p>\n\n\n\n<figure class=\"wp-block-image aligncenter size-full is-resized is-style-default\" style=\"margin-bottom:0\"><img loading=\"lazy\" decoding=\"async\" width=\"520\" height=\"162\" src=\"http:\/\/www.faaala.com\/wp-content\/uploads\/2026\/03\/Screenshot-2026-03-09-at-10.02.48.png\" alt=\"\" class=\"wp-image-43\" style=\"aspect-ratio:3.2103559870550162;width:68px;height:auto\" srcset=\"https:\/\/www.faaala.com\/wp-content\/uploads\/2026\/03\/Screenshot-2026-03-09-at-10.02.48.png 520w, https:\/\/www.faaala.com\/wp-content\/uploads\/2026\/03\/Screenshot-2026-03-09-at-10.02.48-300x93.png 300w\" sizes=\"auto, (max-width: 520px) 100vw, 520px\" \/><\/figure>\n\n\n\n<p class=\"has-text-align-center has-small-font-size\" style=\"margin-top:0px;margin-bottom:0px\"><strong>F\u0100L\u0100 events:<\/strong><\/p>\n\n\n\n<div class=\"wp-block-cover\" style=\"min-height:430px;aspect-ratio:unset;\"><span aria-hidden=\"true\" class=\"wp-block-cover__background has-background-dim\"><\/span><div class=\"wp-block-cover__inner-container is-layout-flow wp-block-cover-is-layout-flow\">\n<div class=\"wp-block-group intro-events is-nowrap is-layout-flex wp-container-core-group-is-layout-6c531013 wp-block-group-is-layout-flex\">\n<!-- Placeholder -->\n<div id=\"ra-widget\"><\/div>\n\n<!-- Script that loads the widget after ~700ms -->\n<script>\ndocument.addEventListener(\"DOMContentLoaded\", function() {\n    setTimeout(function() {\n        document.getElementById(\"ra-widget\").innerHTML = `\n            <iframe loading=\"lazy\" \n                src=\"https:\/\/ra.co\/promoters\/174728\/widget\/events?theme=dark&#038;transparentBackground=true\" \n                height=\"650px\" \n                width=\"100%\" \n                style=\"border:none\"\n                sandbox=\"allow-same-origin allow-scripts allow-popups allow-top-navigation\"\n            ><\/iframe>\n        `;\n    }, 0); \/\/ you can set 500\u2013900ms depending on what looks best\n});\n<\/script>\n<\/div>\n<\/div><\/div>\n\n\n\n<p class=\"has-text-align-center has-text-color has-link-color wp-elements-c7cb66acf7f519b495f4ab63c66192b3\" style=\"color:#b5bdbc47\">\u00a9 2026 Nightfall. All Rights Reserved.<\/p>\n\n\n\n<p><\/p>\n","protected":false},"excerpt":{"rendered":"<p>Nightfall dates: 1) F\u0100L\u0100 x Unknown Timeline &#8211; Mastak, Warszawa, 13\/03\/20262) MicroF\u0100L\u0100 &#8211; Dom Technika, Pozna\u0144, 20\/03\/20263)Private event &#8211; Warszawa, 22\/03\/20264) Kwanty Ja\u017ani &#8211; Legendarium, Lublin, 10\/04\/20265) Instytut D\u017awi\u0119ku Showcase &#8211; Karma, Warszawa, 25\/04\/20266) Hypnotic Techno Gathering &#8211; Czudner Spot (Gda\u0144sk), 24\/04\/20267) F\u0100L\u0100 &#8211; Mastak, Warszawa 08\/05\/20268) Micronoce Festiwal &#8211; Gorzelnia Gwie\u017adzin, 10-13\/07\/20269) TBA, Warszawa, [&hellip;]<\/p>\n","protected":false},"author":1,"featured_media":0,"parent":0,"menu_order":0,"comment_status":"closed","ping_status":"closed","template":"page-no-title","meta":{"footnotes":""},"class_list":["post-85","page","type-page","status-publish","hentry"],"_links":{"self":[{"href":"https:\/\/www.faaala.com\/index.php\/wp-json\/wp\/v2\/pages\/85","targetHints":{"allow":["GET"]}}],"collection":[{"href":"https:\/\/www.faaala.com\/index.php\/wp-json\/wp\/v2\/pages"}],"about":[{"href":"https:\/\/www.faaala.com\/index.php\/wp-json\/wp\/v2\/types\/page"}],"author":[{"embeddable":true,"href":"https:\/\/www.faaala.com\/index.php\/wp-json\/wp\/v2\/users\/1"}],"replies":[{"embeddable":true,"href":"https:\/\/www.faaala.com\/index.php\/wp-json\/wp\/v2\/comments?post=85"}],"version-history":[{"count":52,"href":"https:\/\/www.faaala.com\/index.php\/wp-json\/wp\/v2\/pages\/85\/revisions"}],"predecessor-version":[{"id":249,"href":"https:\/\/www.faaala.com\/index.php\/wp-json\/wp\/v2\/pages\/85\/revisions\/249"}],"wp:attachment":[{"href":"https:\/\/www.faaala.com\/index.php\/wp-json\/wp\/v2\/media?parent=85"}],"curies":[{"name":"wp","href":"https:\/\/api.w.org\/{rel}","templated":true}]}}