{"id":209,"date":"2026-03-09T15:03:26","date_gmt":"2026-03-09T15:03:26","guid":{"rendered":"https:\/\/www.faaala.com\/?page_id=209"},"modified":"2026-03-09T15:13:04","modified_gmt":"2026-03-09T15:13:04","slug":"about","status":"publish","type":"page","link":"https:\/\/www.faaala.com\/index.php\/about\/","title":{"rendered":"About"},"content":{"rendered":"<nav class=\"has-background has-black-background-color has-small-font-size items-justified-center wp-block-navigation is-content-justification-center is-layout-flex wp-container-core-navigation-is-layout-a89b3969 wp-block-navigation-is-layout-flex\" aria-label=\"Navigation\"><ul class=\"wp-block-navigation__container has-background has-black-background-color has-small-font-size items-justified-center wp-block-navigation has-small-font-size\"><li class=\"has-small-font-size wp-block-navigation-item wp-block-navigation-link\"><a class=\"wp-block-navigation-item__content\"  href=\"https:\/\/www.faaala.com\/\"><span class=\"wp-block-navigation-item__label\">Home<\/span><\/a><\/li><li class=\"has-small-font-size wp-block-navigation-item wp-block-navigation-link\"><a class=\"wp-block-navigation-item__content\"  href=\"https:\/\/www.faaala.com\/index.php\/events\/\"><span class=\"wp-block-navigation-item__label\">Events<\/span><\/a><\/li><li class=\"has-small-font-size wp-block-navigation-item wp-block-navigation-link\"><a class=\"wp-block-navigation-item__content\"  href=\"https:\/\/www.faaala.com\/index.php\/music\/\"><span class=\"wp-block-navigation-item__label\">Music<\/span><\/a><\/li><li class=\"has-small-font-size wp-block-navigation-item wp-block-navigation-link\"><a class=\"wp-block-navigation-item__content\"  href=\"https:\/\/www.faaala.com\/index.php\/about\/\"><span class=\"wp-block-navigation-item__label\">About<\/span><\/a><\/li><li class=\"has-small-font-size wp-block-navigation-item wp-block-navigation-link\"><a class=\"wp-block-navigation-item__content\"  href=\"https:\/\/www.faaala.com\/index.php\/kontakt\/\"><span class=\"wp-block-navigation-item__label\">Contact<\/span><\/a><\/li><\/ul><\/nav>\n\n\n<div style=\"height:30px\" aria-hidden=\"true\" class=\"wp-block-spacer\"><\/div>\n\n\n\n<p>F\u0100L\u0100 is an independent project built around sound that goes beyond current scene trends. It leans into a hypnotic, dystopian aesthetic and naturally gravitates toward the challenging and unconventional. <\/p>\n\n\n\n<p>It was created out of the need to support and develop the underground techno community and give space to voices that don\u2019t fit the mainstream narrative. Grows through immersive DJ sets, intimate atmospheric events, and the people who connect with this kind of expression. <\/p>\n\n\n\n<p>It resonates most with those who listen with their eyes closed.<\/p>\n\n\n\n<p>Project by Nightfall.<\/p>\n\n\n\n<div style=\"height:30px\" aria-hidden=\"true\" class=\"wp-block-spacer\"><\/div>\n\n\n\n<div style=\"height:0px\" aria-hidden=\"true\" class=\"wp-block-spacer\"><\/div>\n\n\n\n<figure class=\"wp-block-image aligncenter size-full is-resized intro-fala\"><img loading=\"lazy\" decoding=\"async\" width=\"520\" height=\"162\" src=\"http:\/\/www.faaala.com\/wp-content\/uploads\/2026\/03\/Screenshot-2026-03-09-at-10.02.48.png\" alt=\"\" class=\"wp-image-43\" style=\"width:95px;height:auto\" srcset=\"https:\/\/www.faaala.com\/wp-content\/uploads\/2026\/03\/Screenshot-2026-03-09-at-10.02.48.png 520w, https:\/\/www.faaala.com\/wp-content\/uploads\/2026\/03\/Screenshot-2026-03-09-at-10.02.48-300x93.png 300w\" sizes=\"auto, (max-width: 520px) 100vw, 520px\" \/><\/figure>\n\n\n\n<div style=\"height:30px\" aria-hidden=\"true\" class=\"wp-block-spacer\"><\/div>\n\n\n\n<p>F\u0100L\u0100 to niezale\u017cny projekt skoncentrowany na brzmieniu, kt\u00f3re wykracza poza aktualne trendy sceny.<br>Opiera si\u0119 na hipnotycznej, dystopijnej estetyce i naturalnie kieruje w stron\u0119 tego, co wymagaj\u0105ce i nieoczywiste.<\/p>\n\n\n\n<p>Powsta\u0142 z potrzeby wspierania i rozwijania undergroundowej sceny techno oraz budowania spo\u0142eczno\u015bci wok\u00f3\u0142 d\u017awi\u0119k\u00f3w, kt\u00f3re wymykaj\u0105 si\u0119 mainstreamowi. Rozwija si\u0119 poprzez immersyjne DJ\u2011sety, atmosferyczne wydarzenia i ludzi, kt\u00f3rzy czuj\u0105 t\u0119 muzyk\u0119 naprawd\u0119.<\/p>\n\n\n\n<p>Najmocniej rezonuje z tymi, kt\u00f3rzy s\u0142uchaj\u0105 z zamkni\u0119tymi oczami.<\/p>\n\n\n\n<p>Autorem projektu jest Nightfall.<\/p>\n\n\n\n<div style=\"height:30px\" aria-hidden=\"true\" class=\"wp-block-spacer\"><\/div>\n\n\n\n<p class=\"has-text-align-center has-text-color has-link-color wp-elements-c7cb66acf7f519b495f4ab63c66192b3\" style=\"color:#b5bdbc47\">\u00a9 2026 Nightfall. All Rights Reserved.<\/p>\n\n\n\n<div style=\"height:30px\" aria-hidden=\"true\" class=\"wp-block-spacer\"><\/div>\n","protected":false},"excerpt":{"rendered":"<p>F\u0100L\u0100 is an independent project built around sound that goes beyond current scene trends. It leans into a hypnotic, dystopian aesthetic and naturally gravitates toward the challenging and unconventional. It was created out of the need to support and develop the underground techno community and give space to voices that don\u2019t fit the mainstream narrative. [&hellip;]<\/p>\n","protected":false},"author":1,"featured_media":0,"parent":0,"menu_order":0,"comment_status":"closed","ping_status":"closed","template":"page-no-title","meta":{"footnotes":""},"class_list":["post-209","page","type-page","status-publish","hentry"],"_links":{"self":[{"href":"https:\/\/www.faaala.com\/index.php\/wp-json\/wp\/v2\/pages\/209","targetHints":{"allow":["GET"]}}],"collection":[{"href":"https:\/\/www.faaala.com\/index.php\/wp-json\/wp\/v2\/pages"}],"about":[{"href":"https:\/\/www.faaala.com\/index.php\/wp-json\/wp\/v2\/types\/page"}],"author":[{"embeddable":true,"href":"https:\/\/www.faaala.com\/index.php\/wp-json\/wp\/v2\/users\/1"}],"replies":[{"embeddable":true,"href":"https:\/\/www.faaala.com\/index.php\/wp-json\/wp\/v2\/comments?post=209"}],"version-history":[{"count":14,"href":"https:\/\/www.faaala.com\/index.php\/wp-json\/wp\/v2\/pages\/209\/revisions"}],"predecessor-version":[{"id":227,"href":"https:\/\/www.faaala.com\/index.php\/wp-json\/wp\/v2\/pages\/209\/revisions\/227"}],"wp:attachment":[{"href":"https:\/\/www.faaala.com\/index.php\/wp-json\/wp\/v2\/media?parent=209"}],"curies":[{"name":"wp","href":"https:\/\/api.w.org\/{rel}","templated":true}]}}